
{"id":120,"date":"2018-12-07T14:21:18","date_gmt":"2018-12-07T13:21:18","guid":{"rendered":"http:\/\/localhost\/neu.ihle-motorsport.de\/?page_id=120"},"modified":"2019-04-01T18:59:57","modified_gmt":"2019-04-01T16:59:57","slug":"agb","status":"publish","type":"page","link":"https:\/\/www.ihle-motorsport.de\/en\/agb\/","title":{"rendered":"AGB"},"content":{"rendered":"\r\n<p><strong>\u00a7 1 Geltungsbereich<\/strong><br \/>1. Die nachfolgenden allgemeinen Gesch\u00e4ftsbedingungen gelten ausschlie\u00dflich f\u00fcr alle Gesch\u00e4ftsbeziehungen zwischen der Ihle GmbH und dem Gesch\u00e4ftspartner in ihrer zum Zeitpunkt des Vertragsabschlusses g\u00fcltigen Fassung.<br \/>2. Abweichende Bedingungen des Gesch\u00e4ftspartners bed\u00fcrfen der ausdr\u00fccklichen schriftlichen Zustimmung der Ihle GmbH.<br \/>3. Die Ihle GmbH beh\u00e4lt sich die \u00c4nderung der allgemeinen Gesch\u00e4ftsbedingungen vor.<strong><br \/><br \/>\u00a7 2 Bestellen von Produkten\u00a0<\/strong><br \/>1. Die bestellbaren Waren k\u00f6nnen direkt bei der Ihle GmbH ausschlie\u00dflich per E-Mail bestellt werden. Das Angebot von uns ist freibleibend.<br \/>2. Eine Bestellung ist nur m\u00f6glich, wenn Sie das 18. Lebensjahr bereits vollendet haben.<br \/>3. Unsere Preise sind alle in Euro, inklusive der zum Zeitpunkt der Bestellung gesetzlichen Mehrwertsteuer.<br \/>4. Die Annahme erfolgt nur unter vollst\u00e4ndiger Angabe von Name und Anschrift und ist auch per E-Mail, Fax, Telefon oder Brief m\u00f6glich.\u00a0<br \/>Weitere Informationen erhalten Sie per E-Mail<strong>:\u00a0<\/strong>mail [at] ihle.eu<strong><br \/><br \/>\u00a7 3 Vertragsabschluss\u00a0<\/strong><br \/>1. Alle Angaben der Ihle GmbH zu Waren und Preisen innerhalb des Bestellvorganges sind freibleibend und unverbindlich. Abbildungen sind als Muster zu verstehen. Sie stellen das Produkt nicht immer exakt mit allen Details dar. Abweichungen des Liefergegenstandes von den Angeboten sind zul\u00e4ssig, soweit sie dem Besteller zumutbar, handels\u00fcblich sowie unwesentlich sind. Bei Schreib- und Rechtsfehlern sowie Irrt\u00fcmern in der Website ist die Ihle GmbH nicht zur Annahme des Angebots und zur Durchf\u00fchrung des Auftrags verpflichtet.<br \/>2. Mit der Bestellung gibt der Besteller ein bindendes Angebot ab. Der Besteller erh\u00e4lt eine automatische Best\u00e4tigung des Empfangs des Auftrages per E-Mail. In einer separaten Eingangsbest\u00e4tigung wird der Besteller gegebenenfalls \u00fcber Fehler in den Angaben auf der Website sowie Nichtverf\u00fcgbarkeit der Ware informiert. Daf\u00fcr ist allerdings zwingend eine Absender E-Mail Adresse anzugeben. Im Rahmen des M\u00f6glichen wird dem Besteller bei Bedarf ein entsprechendes Alternativangebot unterbreitet.<br \/>3. Der Vertrag kommt erst Zustande, wenn die bestellte Ware unser Auslieferungslager verl\u00e4sst.<br \/>4. Die gelieferten Waren bleiben bis zur vollst\u00e4ndigen Bezahlung Eigentum der Ihle GmbH. Die Lieferung erfolgt per Post an die von Ihnen angegebene Rechnungsanschrift oder wenn angegeben an die Lieferanschrift. Abholungen sind nach schriftlicher oder telefonischer R\u00fccksprache m\u00f6glich.<\/p>\r\n\r\n\r\n\r\n<p><strong>\u00a74 Versand<\/strong><br \/>Der Versand erfolgt innerhalb Deutschlands automatisch und weltweit nach individueller R\u00fccksprache. Die zuz\u00fcglichen Versandkosten innerhalb von Deutschland richten sich nach Gr\u00f6\u00dfe, Gewicht und Anzahl der Produkte. F\u00fcr den Versand in das Ausland gelten die im Shop angegebene Versandkosten oder erfragen Sie ein spezielles Angebot. Es gelten weltweit die Versandkosten von DHL &#8211; international (<a href=\"https:\/\/www.dhl.de\/\">www.dhl.de<\/a>). Bei kleineren Produkten ist es m\u00f6glich, dass die Versandkosten im Warenpreis inbegriffen sind, so dass keine weiteren Versandkosten anfallen. Diese Produkte sind entsprechend gekennzeichnet.<\/p>\r\n\r\n\r\n\r\n<p><strong>\u00a75 Lieferung\u00a0<\/strong><br \/>Die Produktliste obliegt der Ihle GmbH. Sollte ein Artikel nicht vorr\u00e4tig sein, ist die p\u00fcnktliche Lieferung unser oberstes Prinzip, so dass ein ad\u00e4quates Produkt den fehlenden Artikel ersetzt. Die Angebote sind unverbindlich. Druckfehler sind nicht auszuschlie\u00dfen. Wir behalten uns \u00c4nderungen betreffend der Artikel in der Auswahl, im Design, Farbe etc. vor. Das Gefahrenrisiko tr\u00e4gt der Besteller auch dann, wenn frachtfreie Lieferung vereinbart wurde. Wir behalten uns Teillieferungen vor, falls nicht alle bestellten Produkte ab Lager bzw. sofort lieferbar sind. Sollte die Auslieferung der Ware verz\u00f6gert werden, so kann uns der Besteller eine angemessene Nachfrist von mindestens vier Wochen setzen. F\u00fcr die Einhaltung der Lieferfrist gen\u00fcgt die rechtzeitige Absendung der Ware.<br \/>Die Lieferung erfolgt unmittelbar, nachdem wir ihren Zahlungseingang verbuchen k\u00f6nnen. Bis auf weiteres ist eine Zahlung nur &#8220;Vorkasse&#8221;, &#8220;PayPal&#8221; oder in &#8220;Bar&#8221; m\u00f6glich. Die Zahlung muss innerhalb 2 Wochen ab Bestelldatum auf folgender Bankverbindung eingehen, anderenfalls wird die Bestellung storniert.<br \/>Bei Abholung kann in bar bezahlt werden. Bei Versand erhalten Sie eine Rechnung, welche die Mehrwertsteuer separat ausweist<strong><br \/><br \/>\u00a76 Besch\u00e4digungen\u00a0<\/strong><br \/>Unsere Produkte verlassen unser Gesch\u00e4ft ohne M\u00e4ngel. Sollte eine Lieferung w\u00e4hrend des Transportes zu Schaden kommen, verweigern Sie bitte die Annahme und lassen Sie es durch die betreffenden Zusteller zur\u00fcckgehen. Bemerken Sie den Schaden erst nach dem \u00d6ffnen, lassen Sie uns die vollst\u00e4ndige Bestellung unbenutzt zukommen. Sie erhalten umgehend die bestellten Artikel neu.<br \/>Unvollst\u00e4ndige R\u00fccksendungen oder bereits benutzte Produkte k\u00f6nnen wir leider nicht ersetzen.<\/p>\r\n\r\n\r\n\r\n<p><strong>\u00a77 Gerichtsstand<\/strong><br \/>Der Gerichtsstand ist f\u00fcr beide Seiten Stuttgart.<\/p>\r\n\r\n\r\n\r\n<p><strong>\u00a78 Garantiebedingungen, M\u00e4ngelgew\u00e4hrleistung<\/strong><br \/>Es gelten die Garantiezeiten der von uns vertretenen Hersteller wie in unseren Publikationen (Katalog, Werbung, Internet) jeweils angegeben. Im \u00dcbrigen gelten die gesetzlichen Gew\u00e4hrleistungsfristen. Die von uns gew\u00e4hrte Garantie beschr\u00e4nkt sich auf konstruktions- und\/oder materialbedingte M\u00e4ngel. Ausgenommen von der Gew\u00e4hrleistung bzw. Garantie sind Sch\u00e4den, die auf nat\u00fcrlichen Verschlei\u00df und auf mangelnde oder falsche Pflege zur\u00fcckzuf\u00fchren sind. Ausgeschlossen ist eine Haftung auch bei Sch\u00e4den durch unsachgem\u00e4\u00dfe Behandlung oder Gebrauch, bei Nichtbeachtung der Gebrauchshinweise, bei eigenm\u00e4chtig vorgenommenen \u00c4nderungen am Produkt oder bei unsachgem\u00e4\u00dfer R\u00fccksendung. Sollten M\u00e4ngel auftreten, kann der K\u00e4ufer w\u00e4hrend der Garantiezeit zun\u00e4chst kostenlose Nachbesserung verlangen. Ist eine Nachbesserung nicht m\u00f6glich, k\u00f6nnen wir eine Minderung des Kaufpreises vorschlagen oder die Ware umtauschen. Sofern der beanstandete Mangel den Gebrauch der Ware nicht erheblich beeintr\u00e4chtigt erfolgt die M\u00e4ngelbeseitigung oder Ersatzlieferung innerhalb von h\u00f6chstens 2 Monaten. Bei erheblichen M\u00e4ngeln schaffen wir kurzfristig Abhilfe oder stellen einen gebrauchsf\u00e4higen Ersatz leihweise zur Verf\u00fcgung. Weitergehende Anspr\u00fcche des Bestellers sind ausgeschlossen. Wir haften nicht f\u00fcr Sch\u00e4den, die nicht am Liefergegenstand selbst entstanden sind; insbesondere nicht f\u00fcr entgangenen Gewinn oder sonstige Verm\u00f6genssch\u00e4den des Bestellers.<\/p>\r\n\r\n\r\n\r\n<p><strong>\u00a79 Datenschutz<\/strong><br \/>Die f\u00fcr die Auftragsabwicklung n\u00f6tigen Daten, die Sie uns per E-Mail \u00fcbermitteln, werden gespeichert und zu diesem Zweck ggf. an Dritte (z.B. Versandunternehmen) weitergegeben. Bei berechtigtem Interesse behalten wir uns den Datenaustausch mit einer Auskunftei zur Bonit\u00e4tspr\u00fcfung vor. Alle pers\u00f6nlichen Daten werden selbstverst\u00e4ndlich vertraulich behandelt und keinesfalls zu Werbezwecken weitergegeben.<\/p>\r\n\r\n\r\n\r\n<p>Ihle GmbH<br \/>Sommerhaldenstrasse 26<br \/>D-70195 Stuttgart<br \/>Tel: \u00a0+49 (0)711 69749900<br \/>Fax: +49 (0)711 69749901<br \/>E-Mail: mail [at] ihle.eu<\/p>\r\n\r\n\r\n\r\n<p>Gesch\u00e4ftsf\u00fchrer: Margarete Ihle<br \/>Registergericht Stuttgart HRB 22245<br \/>Ust. ID Nr.: DE217071251<\/p>\r\n","protected":false},"excerpt":{"rendered":"<p>\u00a7 1 Geltungsbereich1. Die nachfolgenden allgemeinen Gesch\u00e4ftsbedingungen gelten ausschlie\u00dflich f\u00fcr alle Gesch\u00e4ftsbeziehungen zwischen der Ihle GmbH und dem Gesch\u00e4ftspartner in ihrer zum Zeitpunkt des Vertragsabschlusses g\u00fcltigen Fassung.2. Abweichende [&hellip;]<\/p>\n","protected":false},"author":1,"featured_media":0,"parent":0,"menu_order":0,"comment_status":"closed","ping_status":"closed","template":"","meta":[],"acf":[],"_links":{"self":[{"href":"https:\/\/www.ihle-motorsport.de\/en\/wp-json\/wp\/v2\/pages\/120"}],"collection":[{"href":"https:\/\/www.ihle-motorsport.de\/en\/wp-json\/wp\/v2\/pages"}],"about":[{"href":"https:\/\/www.ihle-motorsport.de\/en\/wp-json\/wp\/v2\/types\/page"}],"author":[{"embeddable":true,"href":"https:\/\/www.ihle-motorsport.de\/en\/wp-json\/wp\/v2\/users\/1"}],"replies":[{"embeddable":true,"href":"https:\/\/www.ihle-motorsport.de\/en\/wp-json\/wp\/v2\/comments?post=120"}],"version-history":[{"count":5,"href":"https:\/\/www.ihle-motorsport.de\/en\/wp-json\/wp\/v2\/pages\/120\/revisions"}],"predecessor-version":[{"id":970,"href":"https:\/\/www.ihle-motorsport.de\/en\/wp-json\/wp\/v2\/pages\/120\/revisions\/970"}],"wp:attachment":[{"href":"https:\/\/www.ihle-motorsport.de\/en\/wp-json\/wp\/v2\/media?parent=120"}],"curies":[{"name":"wp","href":"https:\/\/api.w.org\/{rel}","templated":true}]}}